{"id":2222,"date":"2024-09-25T15:00:32","date_gmt":"2024-09-25T18:00:32","guid":{"rendered":"https:\/\/sabrinabarachocursos.com.br\/lp\/?page_id=2222"},"modified":"2024-09-25T18:24:51","modified_gmt":"2024-09-25T21:24:51","slug":"is-lives","status":"publish","type":"page","link":"https:\/\/sabrinabarachocursos.com.br\/lp\/is-lives\/","title":{"rendered":"IS Lives"},"content":{"rendered":"\t\t<div data-elementor-type=\"wp-page\" data-elementor-id=\"2222\" class=\"elementor elementor-2222\">\n\t\t\t\t<div class=\"elementor-element elementor-element-002ba01 e-con-full e-flex e-con e-parent\" data-id=\"002ba01\" data-element_type=\"container\">\n\t\t<div class=\"elementor-element elementor-element-e9ae0c3 e-con-full e-flex e-con e-child\" data-id=\"e9ae0c3\" data-element_type=\"container\" data-settings=\"{&quot;background_background&quot;:&quot;classic&quot;}\">\n\t\t<div class=\"elementor-element elementor-element-462dc33 e-con-full e-flex e-con e-child\" data-id=\"462dc33\" data-element_type=\"container\">\n\t\t\t\t<div class=\"elementor-element elementor-element-540f62a elementor-widget elementor-widget-image\" data-id=\"540f62a\" data-element_type=\"widget\" data-widget_type=\"image.default\">\n\t\t\t\t<div class=\"elementor-widget-container\">\n\t\t\t\t\t\t\t\t\t\t\t\t\t\t\t<img fetchpriority=\"high\" decoding=\"async\" width=\"426\" height=\"448\" src=\"https:\/\/sabrinabarachocursos.com.br\/lp\/wp-content\/uploads\/2024\/02\/MAG-1003-WEB-copiar-1.png\" class=\"attachment-full size-full wp-image-903\" alt=\"\" srcset=\"https:\/\/sabrinabarachocursos.com.br\/lp\/wp-content\/uploads\/2024\/02\/MAG-1003-WEB-copiar-1.png 426w, https:\/\/sabrinabarachocursos.com.br\/lp\/wp-content\/uploads\/2024\/02\/MAG-1003-WEB-copiar-1-285x300.png 285w\" sizes=\"(max-width: 426px) 100vw, 426px\" \/>\t\t\t\t\t\t\t\t\t\t\t\t\t\t\t<\/div>\n\t\t\t\t<\/div>\n\t\t\t\t<\/div>\n\t\t<div class=\"elementor-element elementor-element-b0c4791 e-con-full e-flex e-con e-child\" data-id=\"b0c4791\" data-element_type=\"container\">\n\t\t\t\t<div class=\"elementor-element elementor-element-b08766a elementor-widget elementor-widget-heading\" data-id=\"b08766a\" data-element_type=\"widget\" data-widget_type=\"heading.default\">\n\t\t\t\t<div class=\"elementor-widget-container\">\n\t\t\t\t\t<h2 class=\"elementor-heading-title elementor-size-default\">Cadastre-se para acessar o grupo VIP e participar das nossas lives.<\/h2>\t\t\t\t<\/div>\n\t\t\t\t<\/div>\n\t\t\t\t<div class=\"elementor-element elementor-element-d0fb71d elementor-widget elementor-widget-text-editor\" data-id=\"d0fb71d\" data-element_type=\"widget\" data-widget_type=\"text-editor.default\">\n\t\t\t\t<div class=\"elementor-widget-container\">\n\t\t\t\t\t\t\t\t\t<p><strong>Acesse gratuitamente nosso grupo VIP<\/strong><\/p>\t\t\t\t\t\t\t\t<\/div>\n\t\t\t\t<\/div>\n\t\t\t\t<div class=\"elementor-element elementor-element-c9a1106 elementor-button-align-stretch elementor-widget elementor-widget-form\" data-id=\"c9a1106\" data-element_type=\"widget\" data-settings=\"{&quot;step_next_label&quot;:&quot;Next&quot;,&quot;step_previous_label&quot;:&quot;Previous&quot;,&quot;button_width&quot;:&quot;100&quot;,&quot;step_type&quot;:&quot;number_text&quot;,&quot;step_icon_shape&quot;:&quot;circle&quot;}\" data-widget_type=\"form.default\">\n\t\t\t\t<div class=\"elementor-widget-container\">\n\t\t\t\t\t\t\t<form class=\"elementor-form\" method=\"post\" name=\"12-a-captura-de-lead-sessao-1\">\n\t\t\t<input type=\"hidden\" name=\"post_id\" value=\"2222\"\/>\n\t\t\t<input type=\"hidden\" name=\"form_id\" value=\"c9a1106\"\/>\n\t\t\t<input type=\"hidden\" name=\"referer_title\" value=\"\" \/>\n\n\t\t\t\n\t\t\t<div class=\"elementor-form-fields-wrapper elementor-labels-\">\n\t\t\t\t\t\t\t\t<div class=\"elementor-field-type-text elementor-field-group elementor-column elementor-field-group-nome elementor-col-100 elementor-field-required\">\n\t\t\t\t\t\t\t\t\t\t\t\t\t<input size=\"1\" type=\"text\" name=\"form_fields[nome]\" id=\"form-field-nome\" class=\"elementor-field elementor-size-sm  elementor-field-textual\" placeholder=\"Nome\" required=\"required\" aria-required=\"true\">\n\t\t\t\t\t\t\t\t\t\t\t<\/div>\n\t\t\t\t\t\t\t\t<div class=\"elementor-field-type-email elementor-field-group elementor-column elementor-field-group-email elementor-col-100 elementor-field-required\">\n\t\t\t\t\t\t\t\t\t\t\t\t\t<input size=\"1\" type=\"email\" name=\"form_fields[email]\" id=\"form-field-email\" class=\"elementor-field elementor-size-sm  elementor-field-textual\" placeholder=\"E-mail\" required=\"required\" aria-required=\"true\">\n\t\t\t\t\t\t\t\t\t\t\t<\/div>\n\t\t\t\t\t\t\t\t<div class=\"elementor-field-type-maskphone_with_ddd elementor-field-group elementor-column elementor-field-group-whatsapp elementor-col-100 elementor-field-required\">\n\t\t\t\t\t\t\t\t\t\t\t\t<label for=\"form-field-whatsapp\" class=\"elementor-field-label elementor-screen-only\">\n\t\t\t\t\t\t\t\tTelefone\/WhatsApp\t\t\t\t\t\t\t<\/label>\n\t\t\t\t\t\t<input size=\"1\" type=\"tel\" name=\"form_fields[whatsapp]\" id=\"form-field-whatsapp\" class=\"elementor-field elementor-size-sm  elementor-field-textual phone_with_ddd\" required=\"required\" aria-required=\"true\" placeholder=\"Telefone\/WhatsApp\">\t\t\t\t<\/div>\n\t\t\t\t\t\t\t\t<div class=\"elementor-field-type-acceptance elementor-field-group elementor-column elementor-field-group-aceite elementor-col-100 elementor-field-required\">\n\t\t\t\t\t\t\t<div class=\"elementor-field-subgroup\">\n\t\t\t<span class=\"elementor-field-option\">\n\t\t\t\t<input type=\"checkbox\" name=\"form_fields[aceite]\" id=\"form-field-aceite\" class=\"elementor-field elementor-size-sm  elementor-acceptance-field\" required=\"required\" aria-required=\"true\" checked=\"checked\">\n\t\t\t\t<label for=\"form-field-aceite\">Concordo e autorizo que a Sabrina Baracho armazene, processe e se comunique comigo por meio das informa\u00e7\u00f5es pessoais via formul\u00e1rio.<\/label>\t\t\t<\/span>\n\t\t<\/div>\n\t\t\t\t\t\t<\/div>\n\t\t\t\t\t\t\t\t<div class=\"elementor-field-group elementor-column elementor-field-type-submit elementor-col-100 e-form__buttons\">\n\t\t\t\t\t<button type=\"submit\" class=\"elementor-button elementor-size-sm\">\n\t\t\t\t\t\t<span >\n\t\t\t\t\t\t\t\t\t\t\t\t\t\t\t<span class=\" elementor-button-icon\">\n\t\t\t\t\t\t\t\t\t\t\t\t\t\t\t\t\t\t\t\t\t\t\t\t\t\t<\/span>\n\t\t\t\t\t\t\t\t\t\t\t\t\t\t\t\t\t\t\t\t\t\t<span class=\"elementor-button-text\">Entre no nosso grupo VIP<\/span>\n\t\t\t\t\t\t\t\t\t\t\t\t\t<\/span>\n\t\t\t\t\t<\/button>\n\t\t\t\t<\/div>\n\t\t\t<\/div>\n\t\t<\/form>\n\t\t\t\t\t\t<\/div>\n\t\t\t\t<\/div>\n\t\t\t\t<\/div>\n\t\t\t\t<\/div>\n\t\t\t\t<\/div>\n\t\t<div class=\"elementor-element elementor-element-e1d740d e-con-full e-flex e-con e-parent\" data-id=\"e1d740d\" data-element_type=\"container\" data-settings=\"{&quot;background_background&quot;:&quot;classic&quot;}\">\n\t\t<div class=\"elementor-element elementor-element-2cf3b35 e-con-full e-flex e-con e-child\" data-id=\"2cf3b35\" data-element_type=\"container\" data-settings=\"{&quot;background_background&quot;:&quot;classic&quot;}\">\n\t\t<div class=\"elementor-element elementor-element-978ebc2 e-con-full e-flex e-con e-child\" data-id=\"978ebc2\" data-element_type=\"container\" data-settings=\"{&quot;background_background&quot;:&quot;classic&quot;}\">\n\t\t\t\t<div class=\"elementor-element elementor-element-9ec8184 elementor-widget elementor-widget-heading\" data-id=\"9ec8184\" data-element_type=\"widget\" data-widget_type=\"heading.default\">\n\t\t\t\t<div class=\"elementor-widget-container\">\n\t\t\t\t\t<h2 class=\"elementor-heading-title elementor-size-default\">Participe do nosso grupo VIP e tenha acesso exclusivo \u00e0s lives com Sabrina Baracho. Descubra estrat\u00e9gias valiosas para alavancar sua carreira na fisioterapia e receba dicas que ir\u00e3o transformar sua pr\u00e1tica profissional.<\/h2>\t\t\t\t<\/div>\n\t\t\t\t<\/div>\n\t\t\t\t<\/div>\n\t\t\t\t<\/div>\n\t\t\t\t<\/div>\n\t\t<div class=\"elementor-element elementor-element-18228f2 e-con-full e-flex e-con e-parent\" data-id=\"18228f2\" data-element_type=\"container\" data-settings=\"{&quot;background_background&quot;:&quot;classic&quot;}\">\n\t\t<div class=\"elementor-element elementor-element-01e149b e-con-full e-flex e-con e-child\" data-id=\"01e149b\" data-element_type=\"container\" data-settings=\"{&quot;background_background&quot;:&quot;classic&quot;}\">\n\t\t<div class=\"elementor-element elementor-element-adfad1a e-con-full e-flex e-con e-child\" data-id=\"adfad1a\" data-element_type=\"container\" data-settings=\"{&quot;background_background&quot;:&quot;classic&quot;}\">\n\t\t<div class=\"elementor-element elementor-element-10ba125 e-con-full e-flex e-con e-child\" data-id=\"10ba125\" data-element_type=\"container\" data-settings=\"{&quot;background_background&quot;:&quot;classic&quot;}\">\n\t\t\t\t<div class=\"elementor-element elementor-element-0d07d19 elementor-widget elementor-widget-image\" data-id=\"0d07d19\" data-element_type=\"widget\" data-widget_type=\"image.default\">\n\t\t\t\t<div class=\"elementor-widget-container\">\n\t\t\t\t\t\t\t\t\t\t\t\t\t\t\t<img decoding=\"async\" width=\"800\" height=\"112\" src=\"https:\/\/sabrinabarachocursos.com.br\/lp\/wp-content\/uploads\/2024\/01\/Sem-Titulo-1_0001_Objeto-Inteligente-de-Vetor-1024x143.png\" class=\"attachment-large size-large wp-image-825\" alt=\"\" srcset=\"https:\/\/sabrinabarachocursos.com.br\/lp\/wp-content\/uploads\/2024\/01\/Sem-Titulo-1_0001_Objeto-Inteligente-de-Vetor-1024x143.png 1024w, https:\/\/sabrinabarachocursos.com.br\/lp\/wp-content\/uploads\/2024\/01\/Sem-Titulo-1_0001_Objeto-Inteligente-de-Vetor-300x42.png 300w, https:\/\/sabrinabarachocursos.com.br\/lp\/wp-content\/uploads\/2024\/01\/Sem-Titulo-1_0001_Objeto-Inteligente-de-Vetor-768x107.png 768w, https:\/\/sabrinabarachocursos.com.br\/lp\/wp-content\/uploads\/2024\/01\/Sem-Titulo-1_0001_Objeto-Inteligente-de-Vetor-1536x215.png 1536w, https:\/\/sabrinabarachocursos.com.br\/lp\/wp-content\/uploads\/2024\/01\/Sem-Titulo-1_0001_Objeto-Inteligente-de-Vetor.png 1895w\" sizes=\"(max-width: 800px) 100vw, 800px\" \/>\t\t\t\t\t\t\t\t\t\t\t\t\t\t\t<\/div>\n\t\t\t\t<\/div>\n\t\t\t\t<div class=\"elementor-element elementor-element-9d19865 elementor-widget elementor-widget-text-editor\" data-id=\"9d19865\" data-element_type=\"widget\" data-widget_type=\"text-editor.default\">\n\t\t\t\t<div class=\"elementor-widget-container\">\n\t\t\t\t\t\t\t\t\t<p><strong>Acesse gratuitamente nosso grupo VIP<\/strong><\/p>\t\t\t\t\t\t\t\t<\/div>\n\t\t\t\t<\/div>\n\t\t\t\t<div class=\"elementor-element elementor-element-5148885 elementor-button-align-stretch elementor-widget elementor-widget-form\" data-id=\"5148885\" data-element_type=\"widget\" data-settings=\"{&quot;step_next_label&quot;:&quot;Next&quot;,&quot;step_previous_label&quot;:&quot;Previous&quot;,&quot;button_width&quot;:&quot;100&quot;,&quot;step_type&quot;:&quot;number_text&quot;,&quot;step_icon_shape&quot;:&quot;circle&quot;}\" data-widget_type=\"form.default\">\n\t\t\t\t<div class=\"elementor-widget-container\">\n\t\t\t\t\t\t\t<form class=\"elementor-form\" method=\"post\" name=\"12-b-captura-de-lead-sessao-2\">\n\t\t\t<input type=\"hidden\" name=\"post_id\" value=\"2222\"\/>\n\t\t\t<input type=\"hidden\" name=\"form_id\" value=\"5148885\"\/>\n\t\t\t<input type=\"hidden\" name=\"referer_title\" value=\"\" \/>\n\n\t\t\t\n\t\t\t<div class=\"elementor-form-fields-wrapper elementor-labels-\">\n\t\t\t\t\t\t\t\t<div class=\"elementor-field-type-text elementor-field-group elementor-column elementor-field-group-nome elementor-col-100 elementor-field-required\">\n\t\t\t\t\t\t\t\t\t\t\t\t\t<input size=\"1\" type=\"text\" name=\"form_fields[nome]\" id=\"form-field-nome\" class=\"elementor-field elementor-size-sm  elementor-field-textual\" placeholder=\"Nome\" required=\"required\" aria-required=\"true\">\n\t\t\t\t\t\t\t\t\t\t\t<\/div>\n\t\t\t\t\t\t\t\t<div class=\"elementor-field-type-email elementor-field-group elementor-column elementor-field-group-email elementor-col-100 elementor-field-required\">\n\t\t\t\t\t\t\t\t\t\t\t\t\t<input size=\"1\" type=\"email\" name=\"form_fields[email]\" id=\"form-field-email\" class=\"elementor-field elementor-size-sm  elementor-field-textual\" placeholder=\"E-mail\" required=\"required\" aria-required=\"true\">\n\t\t\t\t\t\t\t\t\t\t\t<\/div>\n\t\t\t\t\t\t\t\t<div class=\"elementor-field-type-maskphone_with_ddd elementor-field-group elementor-column elementor-field-group-whatsapp elementor-col-100 elementor-field-required\">\n\t\t\t\t\t\t\t\t\t\t\t\t<label for=\"form-field-whatsapp\" class=\"elementor-field-label elementor-screen-only\">\n\t\t\t\t\t\t\t\tTelefone\/WhatsApp\t\t\t\t\t\t\t<\/label>\n\t\t\t\t\t\t<input size=\"1\" type=\"tel\" name=\"form_fields[whatsapp]\" id=\"form-field-whatsapp\" class=\"elementor-field elementor-size-sm  elementor-field-textual phone_with_ddd\" required=\"required\" aria-required=\"true\" placeholder=\"Telefone\/WhatsApp\">\t\t\t\t<\/div>\n\t\t\t\t\t\t\t\t<div class=\"elementor-field-type-acceptance elementor-field-group elementor-column elementor-field-group-aceite elementor-col-100 elementor-field-required\">\n\t\t\t\t\t\t\t<div class=\"elementor-field-subgroup\">\n\t\t\t<span class=\"elementor-field-option\">\n\t\t\t\t<input type=\"checkbox\" name=\"form_fields[aceite]\" id=\"form-field-aceite\" class=\"elementor-field elementor-size-sm  elementor-acceptance-field\" required=\"required\" aria-required=\"true\" checked=\"checked\">\n\t\t\t\t<label for=\"form-field-aceite\">Concordo e autorizo que a Sabrina Baracho armazene, processe e se comunique comigo por meio das informa\u00e7\u00f5es pessoais via formul\u00e1rio.<\/label>\t\t\t<\/span>\n\t\t<\/div>\n\t\t\t\t\t\t<\/div>\n\t\t\t\t\t\t\t\t<div class=\"elementor-field-group elementor-column elementor-field-type-submit elementor-col-100 e-form__buttons\">\n\t\t\t\t\t<button type=\"submit\" class=\"elementor-button elementor-size-sm\">\n\t\t\t\t\t\t<span >\n\t\t\t\t\t\t\t\t\t\t\t\t\t\t\t<span class=\" elementor-button-icon\">\n\t\t\t\t\t\t\t\t\t\t\t\t\t\t\t\t\t\t\t\t\t\t\t\t\t\t<\/span>\n\t\t\t\t\t\t\t\t\t\t\t\t\t\t\t\t\t\t\t\t\t\t<span class=\"elementor-button-text\">Entre no nosso grupo VIP<\/span>\n\t\t\t\t\t\t\t\t\t\t\t\t\t<\/span>\n\t\t\t\t\t<\/button>\n\t\t\t\t<\/div>\n\t\t\t<\/div>\n\t\t<\/form>\n\t\t\t\t\t\t<\/div>\n\t\t\t\t<\/div>\n\t\t\t\t<\/div>\n\t\t<div class=\"elementor-element elementor-element-10cf579 e-con-full e-flex e-con e-child\" data-id=\"10cf579\" data-element_type=\"container\" data-settings=\"{&quot;background_background&quot;:&quot;slideshow&quot;,&quot;background_slideshow_gallery&quot;:[],&quot;background_slideshow_loop&quot;:&quot;yes&quot;,&quot;background_slideshow_slide_duration&quot;:5000,&quot;background_slideshow_slide_transition&quot;:&quot;fade&quot;,&quot;background_slideshow_transition_duration&quot;:500}\">\n\t\t<div class=\"elementor-element elementor-element-58bd8f2 e-flex e-con-boxed e-con e-child\" data-id=\"58bd8f2\" data-element_type=\"container\">\n\t\t\t\t\t<div class=\"e-con-inner\">\n\t\t\t\t<div class=\"elementor-element elementor-element-1b16dff elementor-hidden-desktop elementor-hidden-tablet elementor-widget elementor-widget-image\" data-id=\"1b16dff\" data-element_type=\"widget\" data-widget_type=\"image.default\">\n\t\t\t\t<div class=\"elementor-widget-container\">\n\t\t\t\t\t\t\t\t\t\t\t\t\t\t\t<img decoding=\"async\" width=\"1000\" height=\"1160\" src=\"https:\/\/sabrinabarachocursos.com.br\/lp\/wp-content\/uploads\/2024\/03\/MAG-1016-copiar-copiar.jpg\" class=\"attachment-full size-full wp-image-1076\" alt=\"\" srcset=\"https:\/\/sabrinabarachocursos.com.br\/lp\/wp-content\/uploads\/2024\/03\/MAG-1016-copiar-copiar.jpg 1000w, https:\/\/sabrinabarachocursos.com.br\/lp\/wp-content\/uploads\/2024\/03\/MAG-1016-copiar-copiar-259x300.jpg 259w, https:\/\/sabrinabarachocursos.com.br\/lp\/wp-content\/uploads\/2024\/03\/MAG-1016-copiar-copiar-883x1024.jpg 883w, https:\/\/sabrinabarachocursos.com.br\/lp\/wp-content\/uploads\/2024\/03\/MAG-1016-copiar-copiar-768x891.jpg 768w\" sizes=\"(max-width: 1000px) 100vw, 1000px\" \/>\t\t\t\t\t\t\t\t\t\t\t\t\t\t\t<\/div>\n\t\t\t\t<\/div>\n\t\t\t\t\t<\/div>\n\t\t\t\t<\/div>\n\t\t\t\t<\/div>\n\t\t\t\t<\/div>\n\t\t\t\t<\/div>\n\t\t\t\t<\/div>\n\t\t\t\t<\/div>\n\t\t","protected":false},"excerpt":{"rendered":"<p>Cadastre-se para acessar o grupo VIP e participar das nossas lives. Acesse gratuitamente nosso grupo VIP Participe do nosso grupo VIP e tenha acesso exclusivo \u00e0s lives com Sabrina Baracho. Descubra estrat\u00e9gias valiosas para alavancar sua carreira na fisioterapia e receba dicas que ir\u00e3o transformar sua pr\u00e1tica profissional. Acesse gratuitamente nosso grupo VIP<\/p>\n","protected":false},"author":1,"featured_media":0,"parent":0,"menu_order":0,"comment_status":"closed","ping_status":"closed","template":"","meta":{"inline_featured_image":false,"footnotes":""},"_links":{"self":[{"href":"https:\/\/sabrinabarachocursos.com.br\/lp\/wp-json\/wp\/v2\/pages\/2222"}],"collection":[{"href":"https:\/\/sabrinabarachocursos.com.br\/lp\/wp-json\/wp\/v2\/pages"}],"about":[{"href":"https:\/\/sabrinabarachocursos.com.br\/lp\/wp-json\/wp\/v2\/types\/page"}],"author":[{"embeddable":true,"href":"https:\/\/sabrinabarachocursos.com.br\/lp\/wp-json\/wp\/v2\/users\/1"}],"replies":[{"embeddable":true,"href":"https:\/\/sabrinabarachocursos.com.br\/lp\/wp-json\/wp\/v2\/comments?post=2222"}],"version-history":[{"count":19,"href":"https:\/\/sabrinabarachocursos.com.br\/lp\/wp-json\/wp\/v2\/pages\/2222\/revisions"}],"predecessor-version":[{"id":2245,"href":"https:\/\/sabrinabarachocursos.com.br\/lp\/wp-json\/wp\/v2\/pages\/2222\/revisions\/2245"}],"wp:attachment":[{"href":"https:\/\/sabrinabarachocursos.com.br\/lp\/wp-json\/wp\/v2\/media?parent=2222"}],"curies":[{"name":"wp","href":"https:\/\/api.w.org\/{rel}","templated":true}]}}